{"id":117,"date":"2019-03-29T06:11:03","date_gmt":"2019-03-29T06:11:03","guid":{"rendered":"http:\/\/aikido-thueringen.de\/?page_id=117"},"modified":"2019-03-29T06:11:03","modified_gmt":"2019-03-29T06:11:03","slug":"erfurt","status":"publish","type":"page","link":"https:\/\/aikido-thueringen.de\/?page_id=117","title":{"rendered":"Erfurt"},"content":{"rendered":"\n<figure class=\"wp-block-image is-resized\"><img fetchpriority=\"high\" decoding=\"async\" src=\"https:\/\/aikido-thueringen.de\/wp-content\/uploads\/2019\/03\/Logo_aikido_orange_kali.png\" alt=\"\" class=\"wp-image-118\" width=\"264\" height=\"264\" srcset=\"https:\/\/aikido-thueringen.de\/wp-content\/uploads\/2019\/03\/Logo_aikido_orange_kali.png 542w, https:\/\/aikido-thueringen.de\/wp-content\/uploads\/2019\/03\/Logo_aikido_orange_kali-150x150.png 150w, https:\/\/aikido-thueringen.de\/wp-content\/uploads\/2019\/03\/Logo_aikido_orange_kali-300x300.png 300w\" sizes=\"(max-width: 264px) 100vw, 264px\" \/><\/figure>\n\n\n\n<h2 class=\"wp-block-heading\"><strong>Universit\u00e4tssportverein Erfurt<\/strong><\/h2>\n\n\n\n<p>Gro\u00dfe Sporthalle der Universit\u00e4t Erfurt, An der Parkharfe, 99089 Erfurt<\/p>\n\n\n\n<p><\/p>\n\n\n\n<table class=\"wp-block-table\"><tbody><tr><td><strong>Dienstag<\/strong><\/td><td> 19.00 &#8211; 20.30 Uhr <\/td><td><\/td><\/tr><tr><td><\/td><td><\/td><td><\/td><\/tr><tr><td><strong>Donnerstag<\/strong><\/td><td> 19.00 &#8211; 20.30 Uhr <\/td><td><\/td><\/tr><\/tbody><\/table>\n","protected":false},"excerpt":{"rendered":"<p>Universit\u00e4tssportverein Erfurt Gro\u00dfe Sporthalle der Universit\u00e4t Erfurt, An der Parkharfe, 99089 Erfurt Dienstag 19.00 &#8211; 20.30 Uhr Donnerstag 19.00 &#8211; 20.30 Uhr<\/p>\n","protected":false},"author":1,"featured_media":0,"parent":0,"menu_order":0,"comment_status":"closed","ping_status":"closed","template":"","meta":{"footnotes":""},"class_list":["post-117","page","type-page","status-publish","hentry"],"_links":{"self":[{"href":"https:\/\/aikido-thueringen.de\/index.php?rest_route=\/wp\/v2\/pages\/117","targetHints":{"allow":["GET"]}}],"collection":[{"href":"https:\/\/aikido-thueringen.de\/index.php?rest_route=\/wp\/v2\/pages"}],"about":[{"href":"https:\/\/aikido-thueringen.de\/index.php?rest_route=\/wp\/v2\/types\/page"}],"author":[{"embeddable":true,"href":"https:\/\/aikido-thueringen.de\/index.php?rest_route=\/wp\/v2\/users\/1"}],"replies":[{"embeddable":true,"href":"https:\/\/aikido-thueringen.de\/index.php?rest_route=%2Fwp%2Fv2%2Fcomments&post=117"}],"version-history":[{"count":1,"href":"https:\/\/aikido-thueringen.de\/index.php?rest_route=\/wp\/v2\/pages\/117\/revisions"}],"predecessor-version":[{"id":120,"href":"https:\/\/aikido-thueringen.de\/index.php?rest_route=\/wp\/v2\/pages\/117\/revisions\/120"}],"wp:attachment":[{"href":"https:\/\/aikido-thueringen.de\/index.php?rest_route=%2Fwp%2Fv2%2Fmedia&parent=117"}],"curies":[{"name":"wp","href":"https:\/\/api.w.org\/{rel}","templated":true}]}}