{"id":15,"date":"2018-02-25T17:07:32","date_gmt":"2018-02-25T17:07:32","guid":{"rendered":"http:\/\/aikido-thueringen.de\/?page_id=15"},"modified":"2019-05-09T09:13:04","modified_gmt":"2019-05-09T09:13:04","slug":"der-verband","status":"publish","type":"page","link":"https:\/\/aikido-thueringen.de\/?page_id=15","title":{"rendered":"Der Verband"},"content":{"rendered":"<h2 style=\"text-align: left;\">Der Aikido-Verband Th\u00fcringen e.V. stellt sich vor<\/h2>\n<p>Der seit 1991 bestehende Aikido-Verband Th\u00fcringen e.V. (AVTH) wurde als gemeinn\u00fctziger Verein mit dem Ziel gegr\u00fcndet, Aikido im Sinne des Begr\u00fcnders Morihei Ueshiba zu pflegen und zu f\u00f6rdern. Der AVTH ist anerkannter Fachverband f\u00fcr Aikido in Th\u00fcringen und Mitglied im <a style=\"color: #c60041;\" href=\"http:\/\/www.thueringen-sport.de\/\" target=\"_blank\" rel=\"noopener noreferrer\">Landessportbund Th\u00fcringen e.V.<\/a><\/p>\n<p>Der AVTH unterst\u00fctzt seine Mitgliedsvereine (mit ihren ca. 250 Aikidoka) bei der Verbreitung der Lehre und Technik des Aikido, z.B. durch die Organisation von Lehrg\u00e4ngen und Veranstaltungen, Einsatz geeigneter Aikido-Lehrer, Betreuung der Jugend etc.<\/p>\n<p>Der AVTH e.V. f\u00fchrt eigene Vereins- und Landeslehrg\u00e4nge, sowie die monatlichen Zentraltrainings (Ort: Gera) durch. Im Zust\u00e4ndigkeitsbereich des AVTH e.V. werden einheitliche Kyu-Pr\u00fcfungen auf Landesebene und Dan-Pr\u00fcfungen (bis 5. Dan) auf Bundesebene abgehalten. Die vom AVTH e.V. eingesetzten Trainer, Lehrer und Meister sind ehrenamtlich t\u00e4tig.<\/p>\n<p>Ebenfalls tatkr\u00e4ftig unterst\u00fctzen m\u00f6chte der Verband den <strong>Aufbau neuer Aikido-Vereine bzw. -Abteilungen<\/strong>. Bei Interesse an Aikido in Ihrer Region wenden Sie sich bitte an ein Mitglied des <a style=\"color: #c60041;\" href=\"https:\/\/aikido-thueringen.de\/?page_id=18\">Vorstandes<\/a>.<\/p>\n","protected":false},"excerpt":{"rendered":"<p>Der Aikido-Verband Th\u00fcringen e.V. stellt sich vor Der seit 1991 bestehende Aikido-Verband Th\u00fcringen e.V. (AVTH) wurde als gemeinn\u00fctziger Verein mit dem Ziel gegr\u00fcndet, Aikido im Sinne des Begr\u00fcnders Morihei Ueshiba zu pflegen und zu f\u00f6rdern. Der AVTH ist anerkannter Fachverband &hellip; <a href=\"https:\/\/aikido-thueringen.de\/?page_id=15\">Weiterlesen <span class=\"meta-nav\">&rarr;<\/span><\/a><\/p>\n","protected":false},"author":1,"featured_media":0,"parent":0,"menu_order":0,"comment_status":"closed","ping_status":"closed","template":"","meta":{"footnotes":""},"class_list":["post-15","page","type-page","status-publish","hentry"],"_links":{"self":[{"href":"https:\/\/aikido-thueringen.de\/index.php?rest_route=\/wp\/v2\/pages\/15","targetHints":{"allow":["GET"]}}],"collection":[{"href":"https:\/\/aikido-thueringen.de\/index.php?rest_route=\/wp\/v2\/pages"}],"about":[{"href":"https:\/\/aikido-thueringen.de\/index.php?rest_route=\/wp\/v2\/types\/page"}],"author":[{"embeddable":true,"href":"https:\/\/aikido-thueringen.de\/index.php?rest_route=\/wp\/v2\/users\/1"}],"replies":[{"embeddable":true,"href":"https:\/\/aikido-thueringen.de\/index.php?rest_route=%2Fwp%2Fv2%2Fcomments&post=15"}],"version-history":[{"count":3,"href":"https:\/\/aikido-thueringen.de\/index.php?rest_route=\/wp\/v2\/pages\/15\/revisions"}],"predecessor-version":[{"id":146,"href":"https:\/\/aikido-thueringen.de\/index.php?rest_route=\/wp\/v2\/pages\/15\/revisions\/146"}],"wp:attachment":[{"href":"https:\/\/aikido-thueringen.de\/index.php?rest_route=%2Fwp%2Fv2%2Fmedia&parent=15"}],"curies":[{"name":"wp","href":"https:\/\/api.w.org\/{rel}","templated":true}]}}