{"id":18,"date":"2018-02-25T17:12:06","date_gmt":"2018-02-25T17:12:06","guid":{"rendered":"http:\/\/aikido-thueringen.de\/?page_id=18"},"modified":"2025-09-19T09:15:37","modified_gmt":"2025-09-19T09:15:37","slug":"der-vorstand","status":"publish","type":"page","link":"https:\/\/aikido-thueringen.de\/?page_id=18","title":{"rendered":"Der Vorstand"},"content":{"rendered":"<table border=\"0\" width=\"100%\" cellspacing=\"0\" cellpadding=\"0\" align=\"CENTER\">\n<tbody>\n<tr>\n<td colspan=\"8\" align=\"CENTER\">\n<h1>Vorstand des AVTH e.V.<\/h1>\n<\/td>\n<\/tr>\n<tr>\n<td colspan=\"4\" width=\"45%\">Pr\u00e4sident<\/td>\n<td colspan=\"4\">Frank Zimmermann<br \/>\nAm S\u00fcdhang 2<br \/>\n0754469 Gera<br \/>\nTel.: (01 71) 4 44 00 15<br \/>\nE-Mail: <a href=\"mailto:v1@avth.de\" target=\"_blank\" rel=\"noopener noreferrer\">praesident@avth.de<\/a><\/td>\n<\/tr>\n<tr>\n<td colspan=\"4\">Vizepr\u00e4sident<\/td>\n<td colspan=\"4\">Dr. Dirk Bender<br \/>\nAm K\u00f6tschauer Weg 49<br \/>\n99518 Bad Sulza<br \/>\nTel.: (03 64 25) 20 49 21<br \/>\nE-Mail: <a href=\"mailto:v3@avth.de\" target=\"_blank\" rel=\"noopener noreferrer\">vizepraesident@avth.de<\/a><\/td>\n<\/tr>\n<tr>\n<td colspan=\"4\">Lehrwart\/<span style=\"line-height: 1.3em;\">Technischer Leiter<\/span>Planung und Durchf\u00fchrung von Aus- und Fortbildung,<br \/>\nLehrwesen, \u00dcL-Lizenzen, Zulassung zu Dan-Pr\u00fcfungen, Aufstellung von Lehrpl\u00e4nen, Lehrgangszulassungen, Lehrgangsorganisation<\/td>\n<td colspan=\"4\">Frank Thiedke<br \/>\nE-Mail: <a href=\"mailto:lehre@avth.de\" target=\"_blank\" rel=\"noopener noreferrer\">lehre@avth.de<\/a><\/td>\n<\/tr>\n<tr>\n<td colspan=\"4\">SchatzmeisterKassenf\u00fchrung, Finanzen<\/td>\n<td colspan=\"4\">Wolfram N\u00f6thlich<br \/>\nE-Mail:<\/td>\n<\/tr>\n<tr>\n<td colspan=\"4\">JugendleiterVertretung der Interessen der jugendlichen AVTH-Mitglieder, Organisation und Durchf\u00fchrung entsprechender Veranstaltungen<\/td>\n<td colspan=\"4\">Benjamin Schorr<br \/>\nE-Mail: <a href=\"mailto:jugend@avth.de\" target=\"_blank\" rel=\"noopener noreferrer\">jugend@avth.de<\/a><\/td>\n<\/tr>\n<tr>\n<td colspan=\"4\">Sachbearbeiter PRWerbung f\u00fcr Aikido in Wort, Schrift und Bild, Internetauftritt, Ansprechpartner f\u00fcr Publikationsorgane etc.<\/td>\n<td colspan=\"4\">Lars Warnstedt<br \/>\nE-Mail: <a href=\"mailto:pr@avth.de\" target=\"_blank\" rel=\"noopener noreferrer\">pr@avth.de<\/a><\/td>\n<\/tr>\n<\/tbody>\n<\/table>\n","protected":false},"excerpt":{"rendered":"<p>Vorstand des AVTH e.V. Pr\u00e4sident Frank Zimmermann Am S\u00fcdhang 2 0754469 Gera Tel.: (01 71) 4 44 00 15 E-Mail: praesident@avth.de Vizepr\u00e4sident Dr. Dirk Bender Am K\u00f6tschauer Weg 49 99518 Bad Sulza Tel.: (03 64 25) 20 49 21 E-Mail: &hellip; <a href=\"https:\/\/aikido-thueringen.de\/?page_id=18\">Weiterlesen <span class=\"meta-nav\">&rarr;<\/span><\/a><\/p>\n","protected":false},"author":1,"featured_media":0,"parent":0,"menu_order":0,"comment_status":"closed","ping_status":"closed","template":"","meta":{"footnotes":""},"class_list":["post-18","page","type-page","status-publish","hentry"],"_links":{"self":[{"href":"https:\/\/aikido-thueringen.de\/index.php?rest_route=\/wp\/v2\/pages\/18","targetHints":{"allow":["GET"]}}],"collection":[{"href":"https:\/\/aikido-thueringen.de\/index.php?rest_route=\/wp\/v2\/pages"}],"about":[{"href":"https:\/\/aikido-thueringen.de\/index.php?rest_route=\/wp\/v2\/types\/page"}],"author":[{"embeddable":true,"href":"https:\/\/aikido-thueringen.de\/index.php?rest_route=\/wp\/v2\/users\/1"}],"replies":[{"embeddable":true,"href":"https:\/\/aikido-thueringen.de\/index.php?rest_route=%2Fwp%2Fv2%2Fcomments&post=18"}],"version-history":[{"count":8,"href":"https:\/\/aikido-thueringen.de\/index.php?rest_route=\/wp\/v2\/pages\/18\/revisions"}],"predecessor-version":[{"id":1483,"href":"https:\/\/aikido-thueringen.de\/index.php?rest_route=\/wp\/v2\/pages\/18\/revisions\/1483"}],"wp:attachment":[{"href":"https:\/\/aikido-thueringen.de\/index.php?rest_route=%2Fwp%2Fv2%2Fmedia&parent=18"}],"curies":[{"name":"wp","href":"https:\/\/api.w.org\/{rel}","templated":true}]}}