{"id":487,"date":"2021-04-11T18:00:00","date_gmt":"2021-04-11T18:00:00","guid":{"rendered":"http:\/\/aikido-thueringen.de\/?page_id=487"},"modified":"2021-04-11T18:06:33","modified_gmt":"2021-04-11T18:06:33","slug":"abteilung-aikido-im-kampfsportclub-motor-jena-e-v","status":"publish","type":"page","link":"https:\/\/aikido-thueringen.de\/?page_id=487","title":{"rendered":"Abteilung Aikido im Kampfsportclub Motor Jena e.V."},"content":{"rendered":"\n<p>Das Training findet auf dem Gel\u00e4nde des Sportgymnasiums Jena in der Ringerhalle statt. <br>Anschrift: W\u00f6llnitzer Stra\u00dfe 42b, 07749 Jena.<br><br><a rel=\"noreferrer noopener\" href=\"http:\/\/www.jena-ringt.de\/aikido\" target=\"_blank\">www.jena-ringt.de\/aikido<\/a><\/p>\n\n\n\n<p><strong>Mittwoch<\/strong>   <br>18:30 \u2014 20:30 Uhr\u00a0\u00a0\u00a0<br><br><strong>Freitag<\/strong>     <br>18:30 \u2014 20:30 Uhr\u00a0<\/p>\n\n\n\n<p><\/p>\n","protected":false},"excerpt":{"rendered":"<p>Das Training findet auf dem Gel\u00e4nde des Sportgymnasiums Jena in der Ringerhalle statt. Anschrift: W\u00f6llnitzer Stra\u00dfe 42b, 07749 Jena. www.jena-ringt.de\/aikido Mittwoch 18:30 \u2014 20:30 Uhr\u00a0\u00a0\u00a0 Freitag 18:30 \u2014 20:30 Uhr\u00a0<\/p>\n","protected":false},"author":1,"featured_media":0,"parent":56,"menu_order":0,"comment_status":"closed","ping_status":"closed","template":"","meta":{"footnotes":""},"class_list":["post-487","page","type-page","status-publish","hentry"],"_links":{"self":[{"href":"https:\/\/aikido-thueringen.de\/index.php?rest_route=\/wp\/v2\/pages\/487","targetHints":{"allow":["GET"]}}],"collection":[{"href":"https:\/\/aikido-thueringen.de\/index.php?rest_route=\/wp\/v2\/pages"}],"about":[{"href":"https:\/\/aikido-thueringen.de\/index.php?rest_route=\/wp\/v2\/types\/page"}],"author":[{"embeddable":true,"href":"https:\/\/aikido-thueringen.de\/index.php?rest_route=\/wp\/v2\/users\/1"}],"replies":[{"embeddable":true,"href":"https:\/\/aikido-thueringen.de\/index.php?rest_route=%2Fwp%2Fv2%2Fcomments&post=487"}],"version-history":[{"count":3,"href":"https:\/\/aikido-thueringen.de\/index.php?rest_route=\/wp\/v2\/pages\/487\/revisions"}],"predecessor-version":[{"id":490,"href":"https:\/\/aikido-thueringen.de\/index.php?rest_route=\/wp\/v2\/pages\/487\/revisions\/490"}],"up":[{"embeddable":true,"href":"https:\/\/aikido-thueringen.de\/index.php?rest_route=\/wp\/v2\/pages\/56"}],"wp:attachment":[{"href":"https:\/\/aikido-thueringen.de\/index.php?rest_route=%2Fwp%2Fv2%2Fmedia&parent=487"}],"curies":[{"name":"wp","href":"https:\/\/api.w.org\/{rel}","templated":true}]}}