{"id":96,"date":"2019-03-29T05:49:35","date_gmt":"2019-03-29T05:49:35","guid":{"rendered":"http:\/\/aikido-thueringen.de\/?page_id=96"},"modified":"2026-01-15T13:44:57","modified_gmt":"2026-01-15T13:44:57","slug":"altenburg","status":"publish","type":"page","link":"https:\/\/aikido-thueringen.de\/?page_id=96","title":{"rendered":"Altenburg"},"content":{"rendered":"\n<figure class=\"wp-block-image is-resized\"><img fetchpriority=\"high\" decoding=\"async\" width=\"1024\" height=\"1024\" src=\"https:\/\/aikido-thueringen.de\/wp-content\/uploads\/2019\/04\/Logo-2018-\u00fcberarbeitet-mit-SV-01.05.18-1024x1024.jpg\" alt=\"\" class=\"wp-image-130\" style=\"width:179px;height:179px\" srcset=\"https:\/\/aikido-thueringen.de\/wp-content\/uploads\/2019\/04\/Logo-2018-\u00fcberarbeitet-mit-SV-01.05.18-1024x1024.jpg 1024w, https:\/\/aikido-thueringen.de\/wp-content\/uploads\/2019\/04\/Logo-2018-\u00fcberarbeitet-mit-SV-01.05.18-150x150.jpg 150w, https:\/\/aikido-thueringen.de\/wp-content\/uploads\/2019\/04\/Logo-2018-\u00fcberarbeitet-mit-SV-01.05.18-300x300.jpg 300w, https:\/\/aikido-thueringen.de\/wp-content\/uploads\/2019\/04\/Logo-2018-\u00fcberarbeitet-mit-SV-01.05.18-768x768.jpg 768w, https:\/\/aikido-thueringen.de\/wp-content\/uploads\/2019\/04\/Logo-2018-\u00fcberarbeitet-mit-SV-01.05.18.jpg 1471w\" sizes=\"(max-width: 1024px) 100vw, 1024px\" \/><\/figure>\n\n\n\n<h2 class=\"wp-block-heading\">Zentrum f\u00fcr Kampfk\u00fcnste Altenburg e.V.<\/h2>\n\n\n\n<p>Mehrzweckhalle der Gebr\u00fcder-Reichenbach-Schule, <br>Friedrich-Ebert-Stra\u00dfe 13, 04600 Altenburg<\/p>\n\n\n\n<p><\/p>\n\n\n\n<figure class=\"wp-block-table\"><table><tbody><tr><td><strong>Mittwoch<\/strong><\/td><td>16:00 &#8211; 17:00 Uhr<\/td><td> Aikido-Minis (4 &#8211; 7 Jahre) <\/td><\/tr><tr><td><\/td><td> 17:10 &#8211; 18:10 Uhr <\/td><td> Aikido Kids (8 &#8211; 12 Jahre) <\/td><\/tr><tr><td><\/td><td>18:15 &#8211; 19:15 Uhr<\/td><td> Aikido Jugend (12 &#8211; 17 Jahre) <\/td><\/tr><tr><td><\/td><td>19:30 &#8211; 21:00 Uhr<\/td><td>Erwachsene<\/td><\/tr><tr><td><\/td><td><\/td><td><\/td><\/tr><tr><td><strong>Freitag<\/strong><\/td><td> 16:00 &#8211; 17:00 Uhr <\/td><td> Aikido-Minis (4 &#8211; 7 Jahre)  <\/td><\/tr><tr><td><\/td><td> 17:10 &#8211; 18:10 Uhr  <\/td><td> Aikido Kids (8 &#8211; 12 Jahre)  <\/td><\/tr><tr><td><\/td><td> 18:15 &#8211; 19:15 Uhr <\/td><td> Aikido Jugend (12 &#8211; 17 Jahre)  <\/td><\/tr><tr><td><\/td><td> 19:30 &#8211; 21:00 Uhr <\/td><td> Erwachsene <\/td><\/tr><\/tbody><\/table><\/figure>\n\n\n\n<p><a href=\"https:\/\/www.zfk-altenburg.com\/index.html\" target=\"_blank\" rel=\"noreferrer noopener\">Zentrum f\u00fcr Kampfk\u00fcnste Altenburg e.V.<\/a><\/p>\n","protected":false},"excerpt":{"rendered":"<p>Zentrum f\u00fcr Kampfk\u00fcnste Altenburg e.V. Mehrzweckhalle der Gebr\u00fcder-Reichenbach-Schule, Friedrich-Ebert-Stra\u00dfe 13, 04600 Altenburg Mittwoch 16:00 &#8211; 17:00 Uhr Aikido-Minis (4 &#8211; 7 Jahre) 17:10 &#8211; 18:10 Uhr Aikido Kids (8 &#8211; 12 Jahre) 18:15 &#8211; 19:15 Uhr Aikido Jugend (12 &#8211; &hellip; <a href=\"https:\/\/aikido-thueringen.de\/?page_id=96\">Weiterlesen <span class=\"meta-nav\">&rarr;<\/span><\/a><\/p>\n","protected":false},"author":1,"featured_media":0,"parent":0,"menu_order":0,"comment_status":"closed","ping_status":"closed","template":"","meta":{"footnotes":""},"class_list":["post-96","page","type-page","status-publish","hentry"],"_links":{"self":[{"href":"https:\/\/aikido-thueringen.de\/index.php?rest_route=\/wp\/v2\/pages\/96","targetHints":{"allow":["GET"]}}],"collection":[{"href":"https:\/\/aikido-thueringen.de\/index.php?rest_route=\/wp\/v2\/pages"}],"about":[{"href":"https:\/\/aikido-thueringen.de\/index.php?rest_route=\/wp\/v2\/types\/page"}],"author":[{"embeddable":true,"href":"https:\/\/aikido-thueringen.de\/index.php?rest_route=\/wp\/v2\/users\/1"}],"replies":[{"embeddable":true,"href":"https:\/\/aikido-thueringen.de\/index.php?rest_route=%2Fwp%2Fv2%2Fcomments&post=96"}],"version-history":[{"count":7,"href":"https:\/\/aikido-thueringen.de\/index.php?rest_route=\/wp\/v2\/pages\/96\/revisions"}],"predecessor-version":[{"id":1570,"href":"https:\/\/aikido-thueringen.de\/index.php?rest_route=\/wp\/v2\/pages\/96\/revisions\/1570"}],"wp:attachment":[{"href":"https:\/\/aikido-thueringen.de\/index.php?rest_route=%2Fwp%2Fv2%2Fmedia&parent=96"}],"curies":[{"name":"wp","href":"https:\/\/api.w.org\/{rel}","templated":true}]}}